{"id":1257,"date":"2025-05-16T04:50:23","date_gmt":"2025-05-16T08:50:23","guid":{"rendered":"https:\/\/www.eeocanada.com\/privacy-policy\/"},"modified":"2025-05-28T13:42:37","modified_gmt":"2025-05-28T17:42:37","slug":"legal-notice","status":"publish","type":"page","link":"https:\/\/www.eeocanada.com\/en\/legal-notice\/","title":{"rendered":"Legal Notice"},"content":{"rendered":"\t\t<div data-elementor-type=\"wp-page\" data-elementor-id=\"1257\" class=\"elementor elementor-1257 elementor-664\" data-elementor-post-type=\"page\">\n\t\t\t\t<div class=\"elementor-element elementor-element-296b73f e-flex e-con-boxed e-con e-parent\" data-id=\"296b73f\" data-element_type=\"container\" data-e-type=\"container\" data-settings=\"{&quot;background_background&quot;:&quot;classic&quot;}\">\n\t\t\t\t\t<div class=\"e-con-inner\">\n\t\t<div class=\"elementor-element elementor-element-86cf7bb e-con-full e-flex e-con e-child\" data-id=\"86cf7bb\" data-element_type=\"container\" data-e-type=\"container\">\n\t\t\t\t<div class=\"elementor-element elementor-element-42cf19d title-animate elementor-widget elementor-widget-heading\" data-id=\"42cf19d\" data-element_type=\"widget\" data-e-type=\"widget\" data-widget_type=\"heading.default\">\n\t\t\t\t<div class=\"elementor-widget-container\">\n\t\t\t\t\t<h1 class=\"elementor-heading-title elementor-size-default\">LEGAL NOTICE <\/h1>\t\t\t\t<\/div>\n\t\t\t\t<\/div>\n\t\t\t\t<div class=\"elementor-element elementor-element-4ee3c16 elementor-widget elementor-widget-text-editor\" data-id=\"4ee3c16\" data-element_type=\"widget\" data-e-type=\"widget\" data-widget_type=\"text-editor.default\">\n\t\t\t\t<div class=\"elementor-widget-container\">\n\t\t\t\t\t\t\t\t\t\u00c9cosyst\u00e8me \u00c9nerg\u00e9tique Outaouais provides links to third-party sites on its site. These links were integrated at a time when \u00c9cosyst\u00e8me \u00c9nerg\u00e9tique Outaouais could judge opportune to make it, taking into account contents and services of these sites.<br><br>\u00c9cosyst\u00e8me \u00c9nerg\u00e9tique Outaouais cannot be held responsible for the content of these sites and the use that may be made of them by users.<br><br>The access to the site \u00c9cosyst\u00e8me \u00c9nerg\u00e9tique Outaouais confers you a right of private and not exclusive use of this site. All the elements published on this site, including texts, photos, videos, ebooks, articles&#8230; constitute elements under the Intellectual Property Office.<br><br>Consequently, any representation or reproduction, integral or partial, which could be made without the consent of their authors, is illegal.<br><br>\u00c9cosyst\u00e8me \u00c9nerg\u00e9tique Outaouais is committed to doing everything in its power to protect the personal information collected on its users.<br><br>However, in the event of identity theft or hacking, \u00c9cosyst\u00e8me \u00c9nerg\u00e9tique Outaouais cannot be held responsible for such situations beyond its control.\t\t\t\t\t\t\t\t<\/div>\n\t\t\t\t<\/div>\n\t\t\t\t<\/div>\n\t\t\t\t\t<\/div>\n\t\t\t\t<\/div>\n\t\t\t\t<\/div>\n\t\t","protected":false},"excerpt":{"rendered":"<p>LEGAL NOTICE \u00c9cosyst\u00e8me \u00c9nerg\u00e9tique Outaouais provides links to third-party sites on its site. These links were integrated at a time when \u00c9cosyst\u00e8me \u00c9nerg\u00e9tique Outaouais could judge opportune to make it, taking into account contents and services of these sites. \u00c9cosyst\u00e8me \u00c9nerg\u00e9tique Outaouais cannot be held responsible for the content of these sites and the use [&hellip;]<\/p>\n","protected":false},"author":3,"featured_media":0,"parent":0,"menu_order":0,"comment_status":"closed","ping_status":"closed","template":"","meta":{"inline_featured_image":false,"footnotes":""},"class_list":["post-1257","page","type-page","status-publish","hentry"],"_links":{"self":[{"href":"https:\/\/www.eeocanada.com\/en\/wp-json\/wp\/v2\/pages\/1257","targetHints":{"allow":["GET"]}}],"collection":[{"href":"https:\/\/www.eeocanada.com\/en\/wp-json\/wp\/v2\/pages"}],"about":[{"href":"https:\/\/www.eeocanada.com\/en\/wp-json\/wp\/v2\/types\/page"}],"author":[{"embeddable":true,"href":"https:\/\/www.eeocanada.com\/en\/wp-json\/wp\/v2\/users\/3"}],"replies":[{"embeddable":true,"href":"https:\/\/www.eeocanada.com\/en\/wp-json\/wp\/v2\/comments?post=1257"}],"version-history":[{"count":7,"href":"https:\/\/www.eeocanada.com\/en\/wp-json\/wp\/v2\/pages\/1257\/revisions"}],"predecessor-version":[{"id":1997,"href":"https:\/\/www.eeocanada.com\/en\/wp-json\/wp\/v2\/pages\/1257\/revisions\/1997"}],"wp:attachment":[{"href":"https:\/\/www.eeocanada.com\/en\/wp-json\/wp\/v2\/media?parent=1257"}],"curies":[{"name":"wp","href":"https:\/\/api.w.org\/{rel}","templated":true}]}}